{"id":4933,"date":"2024-10-07T10:53:44","date_gmt":"2024-10-07T08:53:44","guid":{"rendered":"https:\/\/goldenlake.hu\/wellness-pre-externych-hosti\/"},"modified":"2026-04-09T11:22:21","modified_gmt":"2026-04-09T09:22:21","slug":"wellness-pre-externych-hosti","status":"publish","type":"page","link":"https:\/\/goldenlake.hu\/sk\/wellness-pre-externych-hosti\/","title":{"rendered":"Wellness pre extern\u00fdch host\u00ed"},"content":{"rendered":"\t\t<div data-elementor-type=\"wp-page\" data-elementor-id=\"4933\" class=\"elementor elementor-4933 elementor-3790\" data-elementor-post-type=\"page\">\n\t\t\t\t<div class=\"elementor-element elementor-element-cf94f53 e-flex e-con-boxed e-con e-parent\" data-id=\"cf94f53\" data-element_type=\"container\" data-e-type=\"container\" data-settings=\"{&quot;background_background&quot;:&quot;classic&quot;}\">\n\t\t\t\t\t<div class=\"e-con-inner\">\n\t\t\t\t<div class=\"elementor-element elementor-element-3f14920 elementor-widget__width-inherit elementor-widget elementor-widget-theme-post-title elementor-page-title elementor-widget-heading\" data-id=\"3f14920\" data-element_type=\"widget\" data-e-type=\"widget\" data-widget_type=\"theme-post-title.default\">\n\t\t\t\t<div class=\"elementor-widget-container\">\n\t\t\t\t\t<h1 class=\"elementor-heading-title elementor-size-default\">Wellness pre extern\u00fdch host\u00ed<\/h1>\t\t\t\t<\/div>\n\t\t\t\t<\/div>\n\t\t\t\t\t<\/div>\n\t\t\t\t<\/div>\n\t\t<div class=\"elementor-element elementor-element-7ea15ec e-flex e-con-boxed e-con e-parent\" data-id=\"7ea15ec\" data-element_type=\"container\" data-e-type=\"container\">\n\t\t\t\t\t<div class=\"e-con-inner\">\n\t\t<div class=\"elementor-element elementor-element-f961654 e-con-full e-flex e-con e-child\" data-id=\"f961654\" data-element_type=\"container\" data-e-type=\"container\">\n\t\t\t\t<div class=\"elementor-element elementor-element-6f2097d elementor-widget__width-inherit elementor-button-align-stretch elementor-widget elementor-widget-form\" data-id=\"6f2097d\" data-element_type=\"widget\" data-e-type=\"widget\" data-settings=\"{&quot;button_width&quot;:&quot;20&quot;,&quot;step_next_label&quot;:&quot;\\u010eal\\u0161ie&quot;,&quot;step_previous_label&quot;:&quot;Predch\\u00e1dzaj\\u00faci&quot;,&quot;step_type&quot;:&quot;number_text&quot;,&quot;step_icon_shape&quot;:&quot;circle&quot;}\" data-widget_type=\"form.default\">\n\t\t\t\t<div class=\"elementor-widget-container\">\n\t\t\t\t\t\t\t<form class=\"elementor-form\" method=\"post\" name=\"Nov\u00fd formul\u00e1r\" aria-label=\"Nov\u00fd formul\u00e1r\">\n\t\t\t<input type=\"hidden\" name=\"post_id\" value=\"4933\"\/>\n\t\t\t<input type=\"hidden\" name=\"form_id\" value=\"6f2097d\"\/>\n\t\t\t<input type=\"hidden\" name=\"referer_title\" value=\"\" \/>\n\n\t\t\t\n\t\t\t<div class=\"elementor-form-fields-wrapper elementor-labels-above\">\n\t\t\t\t\t\t\t\t<div class=\"elementor-field-type-date elementor-field-group elementor-column elementor-field-group-date elementor-col-40 elementor-field-required\">\n\t\t\t\t\t\t\t\t\t\t\t\t<label for=\"form-field-date\" class=\"elementor-field-label\">\n\t\t\t\t\t\t\t\tpr\u00edchod\t\t\t\t\t\t\t<\/label>\n\t\t\t\t\t\t\n\t\t<input type=\"date\" name=\"form_fields[date]\" id=\"form-field-date\" class=\"elementor-field elementor-size-sm  elementor-field-textual elementor-date-field\" placeholder=\"rrrr.mm.dd\" required=\"required\" pattern=\"[0-9]{4}-[0-9]{2}-[0-9]{2}\">\n\t\t\t\t\t\t<\/div>\n\t\t\t\t\t\t\t\t<div class=\"elementor-field-type-date elementor-field-group elementor-column elementor-field-group-field_c562f7b elementor-col-40 elementor-field-required\">\n\t\t\t\t\t\t\t\t\t\t\t\t<label for=\"form-field-field_c562f7b\" class=\"elementor-field-label\">\n\t\t\t\t\t\t\t\tNechajte\t\t\t\t\t\t\t<\/label>\n\t\t\t\t\t\t\n\t\t<input type=\"date\" name=\"form_fields[field_c562f7b]\" id=\"form-field-field_c562f7b\" class=\"elementor-field elementor-size-sm  elementor-field-textual elementor-date-field\" placeholder=\"rrrr.mm.dd\" required=\"required\" pattern=\"[0-9]{4}-[0-9]{2}-[0-9]{2}\">\n\t\t\t\t\t\t<\/div>\n\t\t\t\t\t\t\t\t<div class=\"elementor-field-group elementor-column elementor-field-type-submit elementor-col-20 e-form__buttons\">\n\t\t\t\t\t<button class=\"elementor-button elementor-size-sm\" type=\"submit\">\n\t\t\t\t\t\t<span class=\"elementor-button-content-wrapper\">\n\t\t\t\t\t\t\t\t\t\t\t\t\t\t\t\t\t\t\t\t\t\t<span class=\"elementor-button-text\">Rezervujte si teraz<\/span>\n\t\t\t\t\t\t\t\t\t\t\t\t\t<\/span>\n\t\t\t\t\t<\/button>\n\t\t\t\t<\/div>\n\t\t\t<\/div>\n\t\t<\/form>\n\t\t\t\t\t\t<\/div>\n\t\t\t\t<\/div>\n\t\t\t\t<\/div>\n\t\t\t\t\t<\/div>\n\t\t\t\t<\/div>\n\t\t<div class=\"elementor-element elementor-element-d526f3f e-flex e-con-boxed e-con e-parent\" data-id=\"d526f3f\" data-element_type=\"container\" data-e-type=\"container\">\n\t\t\t\t\t<div class=\"e-con-inner\">\n\t\t\t\t<div class=\"elementor-element elementor-element-8284fe0 elementor-widget__width-inherit elementor-widget elementor-widget-heading\" data-id=\"8284fe0\" data-element_type=\"widget\" data-e-type=\"widget\" data-widget_type=\"heading.default\">\n\t\t\t\t<div class=\"elementor-widget-container\">\n\t\t\t\t\t<p class=\"elementor-heading-title elementor-size-default\">Hotel Golden Lake Resort<\/p>\t\t\t\t<\/div>\n\t\t\t\t<\/div>\n\t\t\t\t<div class=\"elementor-element elementor-element-ae5d8df elementor-widget__width-inherit elementor-widget elementor-widget-theme-post-title elementor-page-title elementor-widget-heading\" data-id=\"ae5d8df\" data-element_type=\"widget\" data-e-type=\"widget\" data-widget_type=\"theme-post-title.default\">\n\t\t\t\t<div class=\"elementor-widget-container\">\n\t\t\t\t\t<h1 class=\"elementor-heading-title elementor-size-default\">Wellness pre extern\u00fdch host\u00ed<\/h1>\t\t\t\t<\/div>\n\t\t\t\t<\/div>\n\t\t\t\t<div class=\"elementor-element elementor-element-c08d8fd elementor-widget elementor-widget-text-editor\" data-id=\"c08d8fd\" data-element_type=\"widget\" data-e-type=\"widget\" data-widget_type=\"text-editor.default\">\n\t\t\t\t<div class=\"elementor-widget-container\">\n\t\t\t\t\t\t\t\t\t<p>Wellness z\u00f3na Venus sl\u00fa\u017ei nielen na relax\u00e1ciu na\u0161ich hotelov\u00fdch host\u00ed, ale aj na\u0161i extern\u00ed hostia si m\u00f4\u017eu vychutna\u0165 \u0161tvorhviezdi\u010dkov\u00fd wellness z\u00e1\u017eitok.<\/p><p>Extern\u00fd wellness l\u00edstok zah\u0155\u0148a tieto slu\u017eby:<\/p><ul><li>Vonkaj\u0161ie a vn\u00fatorn\u00e9 baz\u00e9ny<\/li><li>F\u00ednska sauna<\/li><li>Parn\u00e1 miestnos\u0165<\/li><li>So\u013en\u00e1 komora<\/li><li>Panoramatick\u00e1 v\u00edrivka<\/li><li>Kneippov be\u017eeck\u00fd p\u00e1s<\/li><li>Stredomorsk\u00e1 relax\u00e1cia<\/li><li>Fitness miestnos\u0165<\/li><\/ul><p>Otv\u00e1racie hodiny: pondelok-nede\u013ea: 7:30-20:30 *<\/p><p>* Ponuka z\u00e1vis\u00ed od dostupnosti. Pred odchodom pros\u00edm zavolajte na +36 87 583 050 alebo +36 87 583 0002.<\/p>\t\t\t\t\t\t\t\t<\/div>\n\t\t\t\t<\/div>\n\t\t\t\t\t<\/div>\n\t\t\t\t<\/div>\n\t\t<div class=\"elementor-element elementor-element-bf7629e e-grid e-con-boxed e-con e-child\" data-id=\"bf7629e\" data-element_type=\"container\" data-e-type=\"container\">\n\t\t\t\t\t<div class=\"e-con-inner\">\n\t\t<div class=\"elementor-element elementor-element-1175764 e-con-full e-flex e-con e-child\" data-id=\"1175764\" data-element_type=\"container\" data-e-type=\"container\">\n\t\t\t\t<div class=\"elementor-element elementor-element-6a8a498 elementor-widget__width-inherit elementor-widget elementor-widget-heading\" data-id=\"6a8a498\" data-element_type=\"widget\" data-e-type=\"widget\" data-widget_type=\"heading.default\">\n\t\t\t\t<div class=\"elementor-widget-container\">\n\t\t\t\t\t<h3 class=\"elementor-heading-title elementor-size-default\">Ceny wellness vstupeniek:<\/h3>\t\t\t\t<\/div>\n\t\t\t\t<\/div>\n\t\t\t\t<div class=\"elementor-element elementor-element-9f53dfc elementor-widget elementor-widget-text-editor\" data-id=\"9f53dfc\" data-element_type=\"widget\" data-e-type=\"widget\" data-widget_type=\"text-editor.default\">\n\t\t\t\t<div class=\"elementor-widget-container\">\n\t\t\t\t\t\t\t\t\t<ul><li><p>Nede\u013ea, pondelok, utorok, streda, \u0161tvrtok: 10000 HUF\/osoba<\/p><\/li><li><p>Piatok, sobota a sviatky: 13 000 HUF\/osoba<\/p><\/li><li><p>10+2 wellness permanentka: 100 000 HUF\/osoba \u2013 2 vstupy zdarma, platn\u00e1 ka\u017ed\u00fd de\u0148 v t\u00fd\u017edni.<\/p><\/li><li><p>Z\u013eava pre deti: vstup zadarmo pre deti do 4 rokov, 50 % z\u013eava pre deti vo veku 4\u20139,9 rokov, pln\u00e1 cena pre deti nad 10 rokov.<\/p><\/li><li><p>Kombinovan\u00e1 vstupenka (vstup do wellness centra v pracovn\u00fdch d\u0148och + 30-min\u00fatov\u00e1 balijsk\u00e1 mas\u00e1\u017e + osvie\u017euj\u00faci pomaran\u010dov\u00fd d\u017e\u00fas) 19 500 HUF<\/p><p>Vstupn\u00e9 zah\u0155\u0148a vyu\u017e\u00edvanie wellness centra.<\/p><p>Wellness pr\u00e1dlo a \u017eupany nie s\u00fa zahrnut\u00e9 v cene. Mo\u017eno si ich prenaja\u0165 za 2000 HUF\/kus.<\/p><p>Od na\u0161ich extern\u00fdch host\u00ed vy\u017eadujeme z\u00e1lohu vo v\u00fd\u0161ke 10 000 HUF, ktor\u00fa je potrebn\u00e9 uhradi\u0165 na recepcii hotela. T\u00e1to suma bude vr\u00e1ten\u00e1 pri odchode po vyrovnan\u00ed v\u0161etk\u00fdch \u00fa\u010dtov.<\/p><p>Okrem wellness centra v\u00edtame na\u0161ich host\u00ed v na\u0161om Beach Bare, re\u0161taur\u00e1cii Portunus a Captain&#8217;s Bare.<\/p><\/li><\/ul>\t\t\t\t\t\t\t\t<\/div>\n\t\t\t\t<\/div>\n\t\t\t\t<\/div>\n\t\t\t\t<div class=\"elementor-element elementor-element-46f1e96 elementor-widget elementor-widget-image\" data-id=\"46f1e96\" data-element_type=\"widget\" data-e-type=\"widget\" data-widget_type=\"image.default\">\n\t\t\t\t<div class=\"elementor-widget-container\">\n\t\t\t\t\t\t\t\t\t\t\t\t\t\t\t<img fetchpriority=\"high\" decoding=\"async\" width=\"2560\" height=\"1607\" src=\"https:\/\/goldenlake.hu\/wp-content\/uploads\/2025\/09\/Wellness-3-scaled.jpg\" class=\"attachment-full size-full wp-image-10739\" alt=\"Golden Lake Hotel Balatonf\u00fcred\" srcset=\"https:\/\/goldenlake.hu\/wp-content\/uploads\/2025\/09\/Wellness-3-scaled.jpg 2560w, https:\/\/goldenlake.hu\/wp-content\/uploads\/2025\/09\/Wellness-3-300x188.jpg 300w, https:\/\/goldenlake.hu\/wp-content\/uploads\/2025\/09\/Wellness-3-1024x643.jpg 1024w, https:\/\/goldenlake.hu\/wp-content\/uploads\/2025\/09\/Wellness-3-768x482.jpg 768w, https:\/\/goldenlake.hu\/wp-content\/uploads\/2025\/09\/Wellness-3-1536x964.jpg 1536w, https:\/\/goldenlake.hu\/wp-content\/uploads\/2025\/09\/Wellness-3-2048x1286.jpg 2048w\" sizes=\"(max-width: 2560px) 100vw, 2560px\">\t\t\t\t\t\t\t\t\t\t\t\t\t\t\t<\/div>\n\t\t\t\t<\/div>\n\t\t\t\t\t<\/div>\n\t\t\t\t<\/div>\n\t\t<div class=\"elementor-element elementor-element-5b8fff2 e-grid e-con-boxed e-con e-child\" data-id=\"5b8fff2\" data-element_type=\"container\" data-e-type=\"container\">\n\t\t\t\t\t<div class=\"e-con-inner\">\n\t\t\t\t<div class=\"elementor-element elementor-element-75e8d54 elementor-widget elementor-widget-image\" data-id=\"75e8d54\" data-element_type=\"widget\" data-e-type=\"widget\" data-widget_type=\"image.default\">\n\t\t\t\t<div class=\"elementor-widget-container\">\n\t\t\t\t\t\t\t\t\t\t\t\t\t\t\t<img decoding=\"async\" width=\"2560\" height=\"1707\" src=\"https:\/\/goldenlake.hu\/wp-content\/uploads\/2025\/05\/A7403682-scaled-5.jpeg\" class=\"attachment-full size-full wp-image-8709\" alt=\"Golden Lake Hotel Balatonf\u00fcred\" srcset=\"https:\/\/goldenlake.hu\/wp-content\/uploads\/2025\/05\/A7403682-scaled-5.jpeg 2560w, https:\/\/goldenlake.hu\/wp-content\/uploads\/2025\/05\/A7403682-scaled-5-300x200.jpeg 300w, https:\/\/goldenlake.hu\/wp-content\/uploads\/2025\/05\/A7403682-scaled-5-1024x683.jpeg 1024w, https:\/\/goldenlake.hu\/wp-content\/uploads\/2025\/05\/A7403682-scaled-5-768x512.jpeg 768w, https:\/\/goldenlake.hu\/wp-content\/uploads\/2025\/05\/A7403682-scaled-5-1536x1024.jpeg 1536w, https:\/\/goldenlake.hu\/wp-content\/uploads\/2025\/05\/A7403682-scaled-5-2048x1366.jpeg 2048w\" sizes=\"(max-width: 2560px) 100vw, 2560px\">\t\t\t\t\t\t\t\t\t\t\t\t\t\t\t<\/div>\n\t\t\t\t<\/div>\n\t\t<div class=\"elementor-element elementor-element-918bc77 e-con-full e-flex e-con e-child\" data-id=\"918bc77\" data-element_type=\"container\" data-e-type=\"container\">\n\t\t\t\t<div class=\"elementor-element elementor-element-c9e60c5 elementor-widget__width-inherit elementor-widget elementor-widget-heading\" data-id=\"c9e60c5\" data-element_type=\"widget\" data-e-type=\"widget\" data-widget_type=\"heading.default\">\n\t\t\t\t<div class=\"elementor-widget-container\">\n\t\t\t\t\t<h3 class=\"elementor-heading-title elementor-size-default\">Wellness &amp; gastronomick\u00e9 bal\u00ed\u010dky<\/h3>\t\t\t\t<\/div>\n\t\t\t\t<\/div>\n\t\t\t\t<div class=\"elementor-element elementor-element-269b78f elementor-widget elementor-widget-text-editor\" data-id=\"269b78f\" data-element_type=\"widget\" data-e-type=\"widget\" data-widget_type=\"text-editor.default\">\n\t\t\t\t<div class=\"elementor-widget-container\">\n\t\t\t\t\t\t\t\t\t<p class=\"m_-8763620131194713322xmsolistparagraph\"><strong>Wellness &amp; ve\u010dera: 16 000 Ft<\/strong><u><\/u><u><\/u><\/p><p class=\"m_-8763620131194713322xmsolistparagraph\">Dostupn\u00e9: v nede\u013eu, pondelok, utorok, stredu a \u0161tvrtok v \u010dase od 16:00 do 20:00.<u><\/u><u><\/u><\/p><p class=\"m_-8763620131194713322xmsolistparagraph\">Pre 1 osobu 4-hodinov\u00fd vstup do wellness + ve\u010dera formou bufetu<u><\/u><u><\/u><u><\/u><\/p><p class=\"m_-8763620131194713322xmsolistparagraph\"><strong>Wellness &amp; obed: 16 000 Ft<\/strong><u><\/u><u><\/u><\/p><p class=\"m_-8763620131194713322xmsolistparagraph\">Dostupn\u00e9: v nede\u013eu, pondelok, utorok, stredu a \u0161tvrtok v \u010dase od 12:00 do 20:00<u><\/u><u><\/u><\/p><p class=\"m_-8763620131194713322xmsolistparagraph\">Vstup do wellness pre 1 osobu + obedov\u00e9 menu (polievka + hlavn\u00e9 jedlo) + 15-min\u00fatov\u00e1 mas\u00e1\u017e tv\u00e1re alebo 15-min\u00fatov\u00e1 mas\u00e1\u017e mana\u017e\u00e9ra<\/p>\t\t\t\t\t\t\t\t<\/div>\n\t\t\t\t<\/div>\n\t\t\t\t<\/div>\n\t\t\t\t\t<\/div>\n\t\t\t\t<\/div>\n\t\t<div class=\"elementor-element elementor-element-1832246 e-grid e-con-boxed e-con e-child\" data-id=\"1832246\" data-element_type=\"container\" data-e-type=\"container\">\n\t\t\t\t\t<div class=\"e-con-inner\">\n\t\t<div class=\"elementor-element elementor-element-2a1e6c8 e-con-full e-flex e-con e-child\" data-id=\"2a1e6c8\" data-element_type=\"container\" data-e-type=\"container\">\n\t\t\t\t<div class=\"elementor-element elementor-element-9877115 elementor-widget__width-inherit elementor-widget elementor-widget-heading\" data-id=\"9877115\" data-element_type=\"widget\" data-e-type=\"widget\" data-widget_type=\"heading.default\">\n\t\t\t\t<div class=\"elementor-widget-container\">\n\t\t\t\t\t<h3 class=\"elementor-heading-title elementor-size-default\">Saunov\u00e1 inf\u00fazia\n\n<\/h3>\t\t\t\t<\/div>\n\t\t\t\t<\/div>\n\t\t\t\t<div class=\"elementor-element elementor-element-bc5a841 elementor-widget elementor-widget-text-editor\" data-id=\"bc5a841\" data-element_type=\"widget\" data-e-type=\"widget\" data-widget_type=\"text-editor.default\">\n\t\t\t\t<div class=\"elementor-widget-container\">\n\t\t\t\t\t\t\t\t\t<p style=\"font-weight: 400;\">Saunovanie je jednou z najlep\u0161\u00edch invest\u00edci\u00ed do v\u00e1\u0161ho zdravia \u2013 menej n\u00e1v\u0161tev u lek\u00e1ra, viac radosti zo \u017eivota. Po saunovan\u00ed sa budete nielen c\u00edti\u0165 uvo\u013enenej\u0161\u00ed, ale aj ako nov\u00fd \u010dlovek: ako niekto, kto v sebe nesie teplo pary, spomienku na v\u00f4ne a tich\u00fa istotu, \u017ee na brehu Balatonsk\u00e9ho jazera sauna nielen \u010dist\u00ed telo, ale aj hlad\u00ed du\u0161u: Balatonsk\u00e9 jazero \u010dak\u00e1, sauna l\u00e1ka.<\/p><p style=\"font-weight: 400;\"><strong>\u010cas<\/strong>: od jesene do jari, tri dni v t\u00fd\u017edni, pondelok-streda-sobota.<\/p>\t\t\t\t\t\t\t\t<\/div>\n\t\t\t\t<\/div>\n\t\t\t\t<div class=\"elementor-element elementor-element-c6702bc elementor-align-left elementor-widget elementor-widget-button\" data-id=\"c6702bc\" data-element_type=\"widget\" data-e-type=\"widget\" data-widget_type=\"button.default\">\n\t\t\t\t<div class=\"elementor-widget-container\">\n\t\t\t\t\t\t\t\t\t<div class=\"elementor-button-wrapper\">\n\t\t\t\t\t<a class=\"elementor-button elementor-button-link elementor-size-sm\" href=\"#elementor-action%3Aaction%3Dpopup%3Aopen%26settings%3DeyJpZCI6MTExODEsInRvZ2dsZSI6ZmFsc2V9\">\n\t\t\t\t\t\t<span class=\"elementor-button-content-wrapper\">\n\t\t\t\t\t\t\t\t\t<span class=\"elementor-button-text\">VIAC<\/span>\n\t\t\t\t\t<\/span>\n\t\t\t\t\t<\/a>\n\t\t\t\t<\/div>\n\t\t\t\t\t\t\t\t<\/div>\n\t\t\t\t<\/div>\n\t\t\t\t<\/div>\n\t\t\t\t<div class=\"elementor-element elementor-element-0da964e elementor-widget elementor-widget-image\" data-id=\"0da964e\" data-element_type=\"widget\" data-e-type=\"widget\" data-widget_type=\"image.default\">\n\t\t\t\t<div class=\"elementor-widget-container\">\n\t\t\t\t\t\t\t\t\t\t\t\t\t\t\t<img decoding=\"async\" width=\"2560\" height=\"1707\" src=\"https:\/\/goldenlake.hu\/wp-content\/uploads\/2025\/05\/A7403686-3-scaled-1.jpeg\" class=\"attachment-full size-full wp-image-8641\" alt=\"Golden Lake Hotel Balatonf\u00fcred\" srcset=\"https:\/\/goldenlake.hu\/wp-content\/uploads\/2025\/05\/A7403686-3-scaled-1.jpeg 2560w, https:\/\/goldenlake.hu\/wp-content\/uploads\/2025\/05\/A7403686-3-scaled-1-300x200.jpeg 300w, https:\/\/goldenlake.hu\/wp-content\/uploads\/2025\/05\/A7403686-3-scaled-1-1024x683.jpeg 1024w, https:\/\/goldenlake.hu\/wp-content\/uploads\/2025\/05\/A7403686-3-scaled-1-768x512.jpeg 768w, https:\/\/goldenlake.hu\/wp-content\/uploads\/2025\/05\/A7403686-3-scaled-1-1536x1024.jpeg 1536w, https:\/\/goldenlake.hu\/wp-content\/uploads\/2025\/05\/A7403686-3-scaled-1-2048x1366.jpeg 2048w\" sizes=\"(max-width: 2560px) 100vw, 2560px\">\t\t\t\t\t\t\t\t\t\t\t\t\t\t\t<\/div>\n\t\t\t\t<\/div>\n\t\t\t\t\t<\/div>\n\t\t\t\t<\/div>\n\t\t<div class=\"elementor-element elementor-element-8bc6af5 e-grid e-con-boxed e-con e-child\" data-id=\"8bc6af5\" data-element_type=\"container\" data-e-type=\"container\">\n\t\t\t\t\t<div class=\"e-con-inner\">\n\t\t\t\t<div class=\"elementor-element elementor-element-bb2124b elementor-widget elementor-widget-image\" data-id=\"bb2124b\" data-element_type=\"widget\" data-e-type=\"widget\" data-widget_type=\"image.default\">\n\t\t\t\t<div class=\"elementor-widget-container\">\n\t\t\t\t\t\t\t\t\t\t\t\t\t\t\t<img loading=\"lazy\" decoding=\"async\" width=\"2560\" height=\"1917\" src=\"https:\/\/goldenlake.hu\/wp-content\/uploads\/2025\/05\/DJI_0627.jpeg-masolata-scaled-5.jpg\" class=\"attachment-full size-full wp-image-8968\" alt=\"Golden Lake Hotel Balatonf\u00fcred\" srcset=\"https:\/\/goldenlake.hu\/wp-content\/uploads\/2025\/05\/DJI_0627.jpeg-masolata-scaled-5.jpg 2560w, https:\/\/goldenlake.hu\/wp-content\/uploads\/2025\/05\/DJI_0627.jpeg-masolata-scaled-5-300x225.jpg 300w, https:\/\/goldenlake.hu\/wp-content\/uploads\/2025\/05\/DJI_0627.jpeg-masolata-scaled-5-1024x767.jpg 1024w, https:\/\/goldenlake.hu\/wp-content\/uploads\/2025\/05\/DJI_0627.jpeg-masolata-scaled-5-768x575.jpg 768w, https:\/\/goldenlake.hu\/wp-content\/uploads\/2025\/05\/DJI_0627.jpeg-masolata-scaled-5-1536x1150.jpg 1536w, https:\/\/goldenlake.hu\/wp-content\/uploads\/2025\/05\/DJI_0627.jpeg-masolata-scaled-5-2048x1534.jpg 2048w\" sizes=\"(max-width: 2560px) 100vw, 2560px\">\t\t\t\t\t\t\t\t\t\t\t\t\t\t\t<\/div>\n\t\t\t\t<\/div>\n\t\t<div class=\"elementor-element elementor-element-cc245a8 e-con-full e-flex e-con e-child\" data-id=\"cc245a8\" data-element_type=\"container\" data-e-type=\"container\">\n\t\t\t\t<div class=\"elementor-element elementor-element-7d47ac7 elementor-widget__width-inherit elementor-widget elementor-widget-heading\" data-id=\"7d47ac7\" data-element_type=\"widget\" data-e-type=\"widget\" data-widget_type=\"heading.default\">\n\t\t\t\t<div class=\"elementor-widget-container\">\n\t\t\t\t\t<h3 class=\"elementor-heading-title elementor-size-default\">\u010eal\u0161ie programy<\/h3>\t\t\t\t<\/div>\n\t\t\t\t<\/div>\n\t\t\t\t<div class=\"elementor-element elementor-element-09329f7 elementor-widget elementor-widget-text-editor\" data-id=\"09329f7\" data-element_type=\"widget\" data-e-type=\"widget\" data-widget_type=\"text-editor.default\">\n\t\t\t\t<div class=\"elementor-widget-container\">\n\t\t\t\t\t\t\t\t\t<p><strong>Saunavasta: Tradi\u010dn\u00e1 k\u00fape\u013en\u00e1 proced\u00fara s brezov\u00fdmi vetvi\u010dkami a hydrata\u010dn\u00fd peeling v saune. (30 min\u00fat) 29 000 HUF \u2013 cena zah\u0155\u0148a vstup do wellness centra.<\/strong><br \/>S\u00fakromn\u00fd program pre maxim\u00e1lne dve osoby, registr\u00e1cia po dohode.<\/p><p><strong>Program parnej sauny (15 min\u00fat) 9 000 HUF\/osoba \u2013 cena nezah\u0155\u0148a vstup do wellness centra.<br \/><\/strong>V\u00f4ne, peeling poko\u017eky a hydrata\u010dn\u00fd peeling v parnej saune. Pre maxim\u00e1lne 8 os\u00f4b, registr\u00e1cia po dohode.<\/p><p>\u00da\u010das\u0165 na programe je mo\u017en\u00e1 po zak\u00fapen\u00ed wellness pasu.<\/p>\t\t\t\t\t\t\t\t<\/div>\n\t\t\t\t<\/div>\n\t\t\t\t<\/div>\n\t\t\t\t\t<\/div>\n\t\t\t\t<\/div>\n\t\t<div class=\"elementor-element elementor-element-041a95f e-flex e-con-boxed e-con e-parent\" data-id=\"041a95f\" data-element_type=\"container\" data-e-type=\"container\">\n\t\t\t\t\t<div class=\"e-con-inner\">\n\t\t\t\t<div class=\"elementor-element elementor-element-8be97f9 elementor-align-center elementor-widget elementor-widget-button\" data-id=\"8be97f9\" data-element_type=\"widget\" data-e-type=\"widget\" data-widget_type=\"button.default\">\n\t\t\t\t<div class=\"elementor-widget-container\">\n\t\t\t\t\t\t\t\t\t<div class=\"elementor-button-wrapper\">\n\t\t\t\t\t<a class=\"elementor-button elementor-button-link elementor-size-sm\" href=\"https:\/\/goldenlake.hu\/sk\/online-rezervacia\/\">\n\t\t\t\t\t\t<span class=\"elementor-button-content-wrapper\">\n\t\t\t\t\t\t\t\t\t<span class=\"elementor-button-text\">Rezerv\u00e1cia<\/span>\n\t\t\t\t\t<\/span>\n\t\t\t\t\t<\/a>\n\t\t\t\t<\/div>\n\t\t\t\t\t\t\t\t<\/div>\n\t\t\t\t<\/div>\n\t\t\t\t\t<\/div>\n\t\t\t\t<\/div>\n\t\t\t\t<\/div>\n\t\t","protected":false},"excerpt":{"rendered":"<p>Hotel Golden Lake Resort Wellness z\u00f3na Venus sl\u00fa\u017ei nielen na relax\u00e1ciu na\u0161ich hotelov\u00fdch host\u00ed, ale aj na\u0161i extern\u00ed hostia si m\u00f4\u017eu vychutna\u0165 \u0161tvorhviezdi\u010dkov\u00fd wellness z\u00e1\u017eitok. Extern\u00fd wellness l\u00edstok zah\u0155\u0148a tieto slu\u017eby: Vonkaj\u0161ie a vn\u00fatorn\u00e9 baz\u00e9ny F\u00ednska sauna Parn\u00e1 miestnos\u0165 So\u013en\u00e1 komora Panoramatick\u00e1 v\u00edrivka Kneippov be\u017eeck\u00fd p\u00e1s Stredomorsk\u00e1 relax\u00e1cia Fitness miestnos\u0165 Otv\u00e1racie hodiny: pondelok-nede\u013ea: 7:30-20:30 * [&hellip;]<\/p>\n","protected":false},"author":1,"featured_media":0,"parent":0,"menu_order":0,"comment_status":"closed","ping_status":"closed","template":"","meta":{"footnotes":""},"class_list":["post-4933","page","type-page","status-publish","hentry"],"_links":{"self":[{"href":"https:\/\/goldenlake.hu\/sk\/wp-json\/wp\/v2\/pages\/4933","targetHints":{"allow":["GET"]}}],"collection":[{"href":"https:\/\/goldenlake.hu\/sk\/wp-json\/wp\/v2\/pages"}],"about":[{"href":"https:\/\/goldenlake.hu\/sk\/wp-json\/wp\/v2\/types\/page"}],"author":[{"embeddable":true,"href":"https:\/\/goldenlake.hu\/sk\/wp-json\/wp\/v2\/users\/1"}],"replies":[{"embeddable":true,"href":"https:\/\/goldenlake.hu\/sk\/wp-json\/wp\/v2\/comments?post=4933"}],"version-history":[{"count":35,"href":"https:\/\/goldenlake.hu\/sk\/wp-json\/wp\/v2\/pages\/4933\/revisions"}],"predecessor-version":[{"id":12023,"href":"https:\/\/goldenlake.hu\/sk\/wp-json\/wp\/v2\/pages\/4933\/revisions\/12023"}],"wp:attachment":[{"href":"https:\/\/goldenlake.hu\/sk\/wp-json\/wp\/v2\/media?parent=4933"}],"curies":[{"name":"wp","href":"https:\/\/api.w.org\/{rel}","templated":true}]}}