{"id":4935,"date":"2024-10-07T10:53:44","date_gmt":"2024-10-07T08:53:44","guid":{"rendered":"https:\/\/goldenlake.hu\/wellness-fuer-externe-gaeste\/"},"modified":"2026-04-09T11:21:46","modified_gmt":"2026-04-09T09:21:46","slug":"wellness-fuer-externe-gaeste","status":"publish","type":"page","link":"https:\/\/goldenlake.hu\/de\/wellness-fuer-externe-gaeste\/","title":{"rendered":"Wellness f\u00fcr externe G\u00e4ste"},"content":{"rendered":"\t\t<div data-elementor-type=\"wp-page\" data-elementor-id=\"4935\" class=\"elementor elementor-4935 elementor-3790\" data-elementor-post-type=\"page\">\n\t\t\t\t<div class=\"elementor-element elementor-element-cf94f53 e-flex e-con-boxed e-con e-parent\" data-id=\"cf94f53\" data-element_type=\"container\" data-e-type=\"container\" data-settings=\"{&quot;background_background&quot;:&quot;classic&quot;}\">\n\t\t\t\t\t<div class=\"e-con-inner\">\n\t\t\t\t<div class=\"elementor-element elementor-element-3f14920 elementor-widget__width-inherit elementor-widget elementor-widget-theme-post-title elementor-page-title elementor-widget-heading\" data-id=\"3f14920\" data-element_type=\"widget\" data-e-type=\"widget\" data-widget_type=\"theme-post-title.default\">\n\t\t\t\t<div class=\"elementor-widget-container\">\n\t\t\t\t\t<h1 class=\"elementor-heading-title elementor-size-default\">Wellness f\u00fcr externe G\u00e4ste<\/h1>\t\t\t\t<\/div>\n\t\t\t\t<\/div>\n\t\t\t\t\t<\/div>\n\t\t\t\t<\/div>\n\t\t<div class=\"elementor-element elementor-element-7ea15ec e-flex e-con-boxed e-con e-parent\" data-id=\"7ea15ec\" data-element_type=\"container\" data-e-type=\"container\">\n\t\t\t\t\t<div class=\"e-con-inner\">\n\t\t<div class=\"elementor-element elementor-element-f961654 e-con-full e-flex e-con e-child\" data-id=\"f961654\" data-element_type=\"container\" data-e-type=\"container\">\n\t\t\t\t<div class=\"elementor-element elementor-element-6f2097d elementor-widget__width-inherit elementor-button-align-stretch elementor-widget elementor-widget-form\" data-id=\"6f2097d\" data-element_type=\"widget\" data-e-type=\"widget\" data-settings=\"{&quot;button_width&quot;:&quot;20&quot;,&quot;step_next_label&quot;:&quot;N\\u00e4chste&quot;,&quot;step_previous_label&quot;:&quot;Vorherige&quot;,&quot;step_type&quot;:&quot;number_text&quot;,&quot;step_icon_shape&quot;:&quot;circle&quot;}\" data-widget_type=\"form.default\">\n\t\t\t\t<div class=\"elementor-widget-container\">\n\t\t\t\t\t\t\t<form class=\"elementor-form\" method=\"post\" name=\"Neue Form\" aria-label=\"Neue Form\">\n\t\t\t<input type=\"hidden\" name=\"post_id\" value=\"4935\"\/>\n\t\t\t<input type=\"hidden\" name=\"form_id\" value=\"6f2097d\"\/>\n\t\t\t<input type=\"hidden\" name=\"referer_title\" value=\"Externer Wellness-Eingang - Balaton Wellness Hotel\" \/>\n\n\t\t\t\t\t\t\t<input type=\"hidden\" name=\"queried_id\" value=\"4935\"\/>\n\t\t\t\n\t\t\t<div class=\"elementor-form-fields-wrapper elementor-labels-above\">\n\t\t\t\t\t\t\t\t<div class=\"elementor-field-type-date elementor-field-group elementor-column elementor-field-group-date elementor-col-40 elementor-field-required\">\n\t\t\t\t\t\t\t\t\t\t\t\t<label for=\"form-field-date\" class=\"elementor-field-label\">\n\t\t\t\t\t\t\t\tAnkunft\t\t\t\t\t\t\t<\/label>\n\t\t\t\t\t\t\n\t\t<input type=\"date\" name=\"form_fields[date]\" id=\"form-field-date\" class=\"elementor-field elementor-size-sm  elementor-field-textual elementor-date-field\" placeholder=\"jjjj.mm.tt\" required=\"required\" pattern=\"[0-9]{4}-[0-9]{2}-[0-9]{2}\">\n\t\t\t\t\t\t<\/div>\n\t\t\t\t\t\t\t\t<div class=\"elementor-field-type-date elementor-field-group elementor-column elementor-field-group-field_c562f7b elementor-col-40 elementor-field-required\">\n\t\t\t\t\t\t\t\t\t\t\t\t<label for=\"form-field-field_c562f7b\" class=\"elementor-field-label\">\n\t\t\t\t\t\t\t\tVerlassen Sie\t\t\t\t\t\t\t<\/label>\n\t\t\t\t\t\t\n\t\t<input type=\"date\" name=\"form_fields[field_c562f7b]\" id=\"form-field-field_c562f7b\" class=\"elementor-field elementor-size-sm  elementor-field-textual elementor-date-field\" placeholder=\"jjjj.mm.tt\" required=\"required\" pattern=\"[0-9]{4}-[0-9]{2}-[0-9]{2}\">\n\t\t\t\t\t\t<\/div>\n\t\t\t\t\t\t\t\t<div class=\"elementor-field-group elementor-column elementor-field-type-submit elementor-col-20 e-form__buttons\">\n\t\t\t\t\t<button class=\"elementor-button elementor-size-sm\" type=\"submit\">\n\t\t\t\t\t\t<span class=\"elementor-button-content-wrapper\">\n\t\t\t\t\t\t\t\t\t\t\t\t\t\t\t\t\t\t\t\t\t\t<span class=\"elementor-button-text\">Jetzt buchen<\/span>\n\t\t\t\t\t\t\t\t\t\t\t\t\t<\/span>\n\t\t\t\t\t<\/button>\n\t\t\t\t<\/div>\n\t\t\t<\/div>\n\t\t<\/form>\n\t\t\t\t\t\t<\/div>\n\t\t\t\t<\/div>\n\t\t\t\t<\/div>\n\t\t\t\t\t<\/div>\n\t\t\t\t<\/div>\n\t\t<div class=\"elementor-element elementor-element-0c4b962 e-flex e-con-boxed e-con e-parent\" data-id=\"0c4b962\" data-element_type=\"container\" data-e-type=\"container\">\n\t\t\t\t\t<div class=\"e-con-inner\">\n\t\t\t\t<div class=\"elementor-element elementor-element-0e129e5 elementor-widget__width-inherit elementor-widget elementor-widget-heading\" data-id=\"0e129e5\" data-element_type=\"widget\" data-e-type=\"widget\" data-widget_type=\"heading.default\">\n\t\t\t\t<div class=\"elementor-widget-container\">\n\t\t\t\t\t<p class=\"elementor-heading-title elementor-size-default\">Hotel Golden Lake Resort<\/p>\t\t\t\t<\/div>\n\t\t\t\t<\/div>\n\t\t\t\t<div class=\"elementor-element elementor-element-0e31cc1 elementor-widget__width-inherit elementor-widget elementor-widget-theme-post-title elementor-page-title elementor-widget-heading\" data-id=\"0e31cc1\" data-element_type=\"widget\" data-e-type=\"widget\" data-widget_type=\"theme-post-title.default\">\n\t\t\t\t<div class=\"elementor-widget-container\">\n\t\t\t\t\t<h1 class=\"elementor-heading-title elementor-size-default\">Wellness f\u00fcr externe G\u00e4ste<\/h1>\t\t\t\t<\/div>\n\t\t\t\t<\/div>\n\t\t\t\t<div class=\"elementor-element elementor-element-2b01985 elementor-widget elementor-widget-text-editor\" data-id=\"2b01985\" data-element_type=\"widget\" data-e-type=\"widget\" data-widget_type=\"text-editor.default\">\n\t\t\t\t<div class=\"elementor-widget-container\">\n\t\t\t\t\t\t\t\t\t<p>Unser Venus Wellnessbereich ist nicht nur f\u00fcr die Entspannung unserer Hotelg\u00e4ste gedacht, auch externe G\u00e4ste k\u00f6nnen ein Vier-Sterne-Wellnesserlebnis genie\u00dfen.<\/p><p>Das externe Wellness-Ticket umfasst folgende Leistungen:<\/p><ul><li>Au\u00dfen- und Innenpools<\/li><li>Finnische Sauna<\/li><li>Dampfbad<\/li><li>Salzkammer<\/li><li>Panorama-Whirlpool<\/li><li>Kneipp-Laufband<\/li><li>Mediterrane Entspannung<\/li><li>Fitnessraum<\/li><\/ul><p>\u00d6ffnungszeiten: Montag bis Sonntag: 7:30 bis 20:30 Uhr *<\/p><p>*Das Angebot gilt vorbehaltlich der Verf\u00fcgbarkeit. Bitte rufen Sie vor Ihrer Abreise unter +36 87 583 050 oder +36 87 583 000 an.<\/p>\t\t\t\t\t\t\t\t<\/div>\n\t\t\t\t<\/div>\n\t\t\t\t\t<\/div>\n\t\t\t\t<\/div>\n\t\t<div class=\"elementor-element elementor-element-72728d7 e-grid e-con-boxed e-con e-child\" data-id=\"72728d7\" data-element_type=\"container\" data-e-type=\"container\">\n\t\t\t\t\t<div class=\"e-con-inner\">\n\t\t<div class=\"elementor-element elementor-element-4c3cadb e-con-full e-flex e-con e-child\" data-id=\"4c3cadb\" data-element_type=\"container\" data-e-type=\"container\">\n\t\t\t\t<div class=\"elementor-element elementor-element-efa40da elementor-widget__width-inherit elementor-widget elementor-widget-heading\" data-id=\"efa40da\" data-element_type=\"widget\" data-e-type=\"widget\" data-widget_type=\"heading.default\">\n\t\t\t\t<div class=\"elementor-widget-container\">\n\t\t\t\t\t<h3 class=\"elementor-heading-title elementor-size-default\">Preise f\u00fcr Wellness-Tickets:<\/h3>\t\t\t\t<\/div>\n\t\t\t\t<\/div>\n\t\t\t\t<div class=\"elementor-element elementor-element-8acc5c5 elementor-widget elementor-widget-text-editor\" data-id=\"8acc5c5\" data-element_type=\"widget\" data-e-type=\"widget\" data-widget_type=\"text-editor.default\">\n\t\t\t\t<div class=\"elementor-widget-container\">\n\t\t\t\t\t\t\t\t\t<ul><li><p>Sonntag, Montag, Dienstag, Mittwoch, Donnerstag: 10.000 HUF\/Person<\/p><\/li><li><p>Freitag, Samstag und Feiertage: 13.000 HUF\/Person<\/p><\/li><li><p>10+2-Wellness-Pass: 100.000 HUF\/Person \u2013 2 kostenlose Besuche, g\u00fcltig an jedem Tag der Woche.<\/p><\/li><li><p>Kindererm\u00e4\u00dfigung: Freier Eintritt f\u00fcr Kinder unter 4 Jahren, 50 % Erm\u00e4\u00dfigung f\u00fcr Kinder von 4 bis 9,9 Jahren, voller Preis f\u00fcr Kinder \u00fcber 10 Jahren.<\/p><\/li><li><p>Kombinierte Eintrittskarte (Wellness-Eintritt an Wochentagen + 30-min\u00fctige balinesische Massage + erfrischender Orangensaft) 19.500 Ft<\/p><\/li><\/ul><p>Der Eintrittspreis beinhaltet die Nutzung des Wellnessbereichs.<\/p><p>Wellness-Handt\u00fccher und Badem\u00e4ntel sind nicht inbegriffen. Diese k\u00f6nnen f\u00fcr 2000 HUF\/St\u00fcck gemietet werden.<\/p><p>Von unseren externen G\u00e4sten wird eine Kaution in H\u00f6he von 10.000 HUF verlangt, die an der Hotelrezeption zu entrichten ist. Dieser Betrag wird bei der Abreise nach Begleichung aller Rechnungen zur\u00fcckerstattet.<\/p><p>Neben dem Wellnessbereich hei\u00dfen wir unsere G\u00e4ste auch in unserer Beach Bar, im Portunus Restaurant und in der Captain&#8217;s Bar willkommen.<\/p>\t\t\t\t\t\t\t\t<\/div>\n\t\t\t\t<\/div>\n\t\t\t\t<\/div>\n\t\t\t\t<div class=\"elementor-element elementor-element-1c0faef elementor-widget elementor-widget-image\" data-id=\"1c0faef\" data-element_type=\"widget\" data-e-type=\"widget\" data-widget_type=\"image.default\">\n\t\t\t\t<div class=\"elementor-widget-container\">\n\t\t\t\t\t\t\t\t\t\t\t\t\t\t\t<img fetchpriority=\"high\" decoding=\"async\" width=\"2560\" height=\"1607\" src=\"https:\/\/goldenlake.hu\/wp-content\/uploads\/2025\/09\/Wellness-3-scaled.jpg\" class=\"attachment-full size-full wp-image-10738\" alt=\"Golden Lake Hotel Balatonf\u00fcred\" srcset=\"https:\/\/goldenlake.hu\/wp-content\/uploads\/2025\/09\/Wellness-3-scaled.jpg 2560w, https:\/\/goldenlake.hu\/wp-content\/uploads\/2025\/09\/Wellness-3-300x188.jpg 300w, https:\/\/goldenlake.hu\/wp-content\/uploads\/2025\/09\/Wellness-3-1024x643.jpg 1024w, https:\/\/goldenlake.hu\/wp-content\/uploads\/2025\/09\/Wellness-3-768x482.jpg 768w, https:\/\/goldenlake.hu\/wp-content\/uploads\/2025\/09\/Wellness-3-1536x964.jpg 1536w, https:\/\/goldenlake.hu\/wp-content\/uploads\/2025\/09\/Wellness-3-2048x1286.jpg 2048w\" sizes=\"(max-width: 2560px) 100vw, 2560px\">\t\t\t\t\t\t\t\t\t\t\t\t\t\t\t<\/div>\n\t\t\t\t<\/div>\n\t\t\t\t\t<\/div>\n\t\t\t\t<\/div>\n\t\t<div class=\"elementor-element elementor-element-ca6d951 e-grid e-con-boxed e-con e-child\" data-id=\"ca6d951\" data-element_type=\"container\" data-e-type=\"container\">\n\t\t\t\t\t<div class=\"e-con-inner\">\n\t\t\t\t<div class=\"elementor-element elementor-element-7a8043d elementor-widget elementor-widget-image\" data-id=\"7a8043d\" data-element_type=\"widget\" data-e-type=\"widget\" data-widget_type=\"image.default\">\n\t\t\t\t<div class=\"elementor-widget-container\">\n\t\t\t\t\t\t\t\t\t\t\t\t\t\t\t<img decoding=\"async\" width=\"2560\" height=\"1707\" src=\"https:\/\/goldenlake.hu\/wp-content\/uploads\/2025\/05\/A7403682-scaled-5.jpeg\" class=\"attachment-full size-full wp-image-8708\" alt=\"Golden Lake Hotel Balatonf\u00fcred\" srcset=\"https:\/\/goldenlake.hu\/wp-content\/uploads\/2025\/05\/A7403682-scaled-5.jpeg 2560w, https:\/\/goldenlake.hu\/wp-content\/uploads\/2025\/05\/A7403682-scaled-5-300x200.jpeg 300w, https:\/\/goldenlake.hu\/wp-content\/uploads\/2025\/05\/A7403682-scaled-5-1024x683.jpeg 1024w, https:\/\/goldenlake.hu\/wp-content\/uploads\/2025\/05\/A7403682-scaled-5-768x512.jpeg 768w, https:\/\/goldenlake.hu\/wp-content\/uploads\/2025\/05\/A7403682-scaled-5-1536x1024.jpeg 1536w, https:\/\/goldenlake.hu\/wp-content\/uploads\/2025\/05\/A7403682-scaled-5-2048x1366.jpeg 2048w\" sizes=\"(max-width: 2560px) 100vw, 2560px\">\t\t\t\t\t\t\t\t\t\t\t\t\t\t\t<\/div>\n\t\t\t\t<\/div>\n\t\t<div class=\"elementor-element elementor-element-689a29b e-con-full e-flex e-con e-child\" data-id=\"689a29b\" data-element_type=\"container\" data-e-type=\"container\">\n\t\t\t\t<div class=\"elementor-element elementor-element-56d05e8 elementor-widget__width-inherit elementor-widget elementor-widget-heading\" data-id=\"56d05e8\" data-element_type=\"widget\" data-e-type=\"widget\" data-widget_type=\"heading.default\">\n\t\t\t\t<div class=\"elementor-widget-container\">\n\t\t\t\t\t<h3 class=\"elementor-heading-title elementor-size-default\">Wellness- &amp; Gastronomie-Pakete<\/h3>\t\t\t\t<\/div>\n\t\t\t\t<\/div>\n\t\t\t\t<div class=\"elementor-element elementor-element-9bd67b4 elementor-widget elementor-widget-text-editor\" data-id=\"9bd67b4\" data-element_type=\"widget\" data-e-type=\"widget\" data-widget_type=\"text-editor.default\">\n\t\t\t\t<div class=\"elementor-widget-container\">\n\t\t\t\t\t\t\t\t\t<p class=\"m_-8763620131194713322xmsolistparagraph\"><strong>Wellness &amp; Abendessen: 16.000 Ft<\/strong><u><\/u><u><\/u><\/p><p class=\"m_-8763620131194713322xmsolistparagraph\">Verf\u00fcgbar: Sonntag, Montag, Dienstag, Mittwoch, Donnerstag von 16:00 bis 20:00 Uhr.<u><\/u><u><\/u><\/p><p class=\"m_-8763620131194713322xmsolistparagraph\">4-st\u00fcndiger Wellness-Eintritt + Abendessen vom Buffet f\u00fcr 1 Person<u><\/u><u><\/u><u><\/u><\/p><p class=\"m_-8763620131194713322xmsolistparagraph\"><strong>Wellness &amp; Mittagessen: 16.000 Ft<\/strong><u><\/u><u><\/u><\/p><p class=\"m_-8763620131194713322xmsolistparagraph\">Verf\u00fcgbar: Sonntag, Montag, Dienstag, Mittwoch, Donnerstag von 12:00 bis 20:00 Uhr<u><\/u><u><\/u><\/p><p class=\"m_-8763620131194713322xmsolistparagraph\">Wellness-Eintritt f\u00fcr 1 Person + Mittagsmen\u00fc (Suppe + Hauptgericht) + 15-min\u00fctige Gesichtsmassage oder 15-min\u00fctige Manager-Massage<\/p>\t\t\t\t\t\t\t\t<\/div>\n\t\t\t\t<\/div>\n\t\t\t\t<\/div>\n\t\t\t\t\t<\/div>\n\t\t\t\t<\/div>\n\t\t<div class=\"elementor-element elementor-element-13cbcf0 e-grid e-con-boxed e-con e-child\" data-id=\"13cbcf0\" data-element_type=\"container\" data-e-type=\"container\">\n\t\t\t\t\t<div class=\"e-con-inner\">\n\t\t<div class=\"elementor-element elementor-element-f6ad20d e-con-full e-flex e-con e-child\" data-id=\"f6ad20d\" data-element_type=\"container\" data-e-type=\"container\">\n\t\t\t\t<div class=\"elementor-element elementor-element-4d15415 elementor-widget__width-inherit elementor-widget elementor-widget-heading\" data-id=\"4d15415\" data-element_type=\"widget\" data-e-type=\"widget\" data-widget_type=\"heading.default\">\n\t\t\t\t<div class=\"elementor-widget-container\">\n\t\t\t\t\t<h3 class=\"elementor-heading-title elementor-size-default\">Sauna-Aufguss<\/h3>\t\t\t\t<\/div>\n\t\t\t\t<\/div>\n\t\t\t\t<div class=\"elementor-element elementor-element-230e7b3 elementor-widget elementor-widget-text-editor\" data-id=\"230e7b3\" data-element_type=\"widget\" data-e-type=\"widget\" data-widget_type=\"text-editor.default\">\n\t\t\t\t<div class=\"elementor-widget-container\">\n\t\t\t\t\t\t\t\t\t<p style=\"font-weight: 400;\">Sauna bathing is one of the best investments you can make in your health \u2013 fewer doctor visits, more joy in life. After a session, you will not only feel more relaxed, but you will also emerge from the sauna feeling like a new person: someone who carries with them the warmth of the steam, the memory of the scents, and the quiet certainty that at Lake Balaton, on the shore, the sauna not only cleanses the body but also caresses the soul: Lake Balaton awaits, the sauna beckons.<\/p><p style=\"font-weight: 400;\"><strong>Time:<\/strong>\u00a0from autumn to spring, three days a week, Monday-Wednesday-Saturday.<\/p>\t\t\t\t\t\t\t\t<\/div>\n\t\t\t\t<\/div>\n\t\t\t\t<div class=\"elementor-element elementor-element-4fc0804 elementor-align-left elementor-widget elementor-widget-button\" data-id=\"4fc0804\" data-element_type=\"widget\" data-e-type=\"widget\" data-widget_type=\"button.default\">\n\t\t\t\t<div class=\"elementor-widget-container\">\n\t\t\t\t\t\t\t\t\t<div class=\"elementor-button-wrapper\">\n\t\t\t\t\t<a class=\"elementor-button elementor-button-link elementor-size-sm\" href=\"#elementor-action%3Aaction%3Dpopup%3Aopen%26settings%3DeyJpZCI6MTExOTYsInRvZ2dsZSI6ZmFsc2V9\">\n\t\t\t\t\t\t<span class=\"elementor-button-content-wrapper\">\n\t\t\t\t\t\t\t\t\t<span class=\"elementor-button-text\">MEHR<\/span>\n\t\t\t\t\t<\/span>\n\t\t\t\t\t<\/a>\n\t\t\t\t<\/div>\n\t\t\t\t\t\t\t\t<\/div>\n\t\t\t\t<\/div>\n\t\t\t\t<\/div>\n\t\t\t\t<div class=\"elementor-element elementor-element-0ca056c elementor-widget elementor-widget-image\" data-id=\"0ca056c\" data-element_type=\"widget\" data-e-type=\"widget\" data-widget_type=\"image.default\">\n\t\t\t\t<div class=\"elementor-widget-container\">\n\t\t\t\t\t\t\t\t\t\t\t\t\t\t\t<img decoding=\"async\" width=\"2560\" height=\"1707\" src=\"https:\/\/goldenlake.hu\/wp-content\/uploads\/2025\/05\/A7403686-3-scaled-1.jpeg\" class=\"attachment-full size-full wp-image-8640\" alt=\"Golden Lake Hotel Balatonf\u00fcred\" srcset=\"https:\/\/goldenlake.hu\/wp-content\/uploads\/2025\/05\/A7403686-3-scaled-1.jpeg 2560w, https:\/\/goldenlake.hu\/wp-content\/uploads\/2025\/05\/A7403686-3-scaled-1-300x200.jpeg 300w, https:\/\/goldenlake.hu\/wp-content\/uploads\/2025\/05\/A7403686-3-scaled-1-1024x683.jpeg 1024w, https:\/\/goldenlake.hu\/wp-content\/uploads\/2025\/05\/A7403686-3-scaled-1-768x512.jpeg 768w, https:\/\/goldenlake.hu\/wp-content\/uploads\/2025\/05\/A7403686-3-scaled-1-1536x1024.jpeg 1536w, https:\/\/goldenlake.hu\/wp-content\/uploads\/2025\/05\/A7403686-3-scaled-1-2048x1366.jpeg 2048w\" sizes=\"(max-width: 2560px) 100vw, 2560px\">\t\t\t\t\t\t\t\t\t\t\t\t\t\t\t<\/div>\n\t\t\t\t<\/div>\n\t\t\t\t\t<\/div>\n\t\t\t\t<\/div>\n\t\t<div class=\"elementor-element elementor-element-808316c e-grid e-con-boxed e-con e-child\" data-id=\"808316c\" data-element_type=\"container\" data-e-type=\"container\">\n\t\t\t\t\t<div class=\"e-con-inner\">\n\t\t\t\t<div class=\"elementor-element elementor-element-dd40acb elementor-widget elementor-widget-image\" data-id=\"dd40acb\" data-element_type=\"widget\" data-e-type=\"widget\" data-widget_type=\"image.default\">\n\t\t\t\t<div class=\"elementor-widget-container\">\n\t\t\t\t\t\t\t\t\t\t\t\t\t\t\t<img loading=\"lazy\" decoding=\"async\" width=\"2560\" height=\"1917\" src=\"https:\/\/goldenlake.hu\/wp-content\/uploads\/2025\/05\/DJI_0627.jpeg-masolata-scaled-5.jpg\" class=\"attachment-full size-full wp-image-8966\" alt=\"Golden Lake Hotel Balatonf\u00fcred\" srcset=\"https:\/\/goldenlake.hu\/wp-content\/uploads\/2025\/05\/DJI_0627.jpeg-masolata-scaled-5.jpg 2560w, https:\/\/goldenlake.hu\/wp-content\/uploads\/2025\/05\/DJI_0627.jpeg-masolata-scaled-5-300x225.jpg 300w, https:\/\/goldenlake.hu\/wp-content\/uploads\/2025\/05\/DJI_0627.jpeg-masolata-scaled-5-1024x767.jpg 1024w, https:\/\/goldenlake.hu\/wp-content\/uploads\/2025\/05\/DJI_0627.jpeg-masolata-scaled-5-768x575.jpg 768w, https:\/\/goldenlake.hu\/wp-content\/uploads\/2025\/05\/DJI_0627.jpeg-masolata-scaled-5-1536x1150.jpg 1536w, https:\/\/goldenlake.hu\/wp-content\/uploads\/2025\/05\/DJI_0627.jpeg-masolata-scaled-5-2048x1534.jpg 2048w\" sizes=\"(max-width: 2560px) 100vw, 2560px\">\t\t\t\t\t\t\t\t\t\t\t\t\t\t\t<\/div>\n\t\t\t\t<\/div>\n\t\t<div class=\"elementor-element elementor-element-4455d97 e-con-full e-flex e-con e-child\" data-id=\"4455d97\" data-element_type=\"container\" data-e-type=\"container\">\n\t\t\t\t<div class=\"elementor-element elementor-element-ca44481 elementor-widget__width-inherit elementor-widget elementor-widget-heading\" data-id=\"ca44481\" data-element_type=\"widget\" data-e-type=\"widget\" data-widget_type=\"heading.default\">\n\t\t\t\t<div class=\"elementor-widget-container\">\n\t\t\t\t\t<h3 class=\"elementor-heading-title elementor-size-default\">Weitere Programme<\/h3>\t\t\t\t<\/div>\n\t\t\t\t<\/div>\n\t\t\t\t<div class=\"elementor-element elementor-element-4897658 elementor-widget elementor-widget-text-editor\" data-id=\"4897658\" data-element_type=\"widget\" data-e-type=\"widget\" data-widget_type=\"text-editor.default\">\n\t\t\t\t<div class=\"elementor-widget-container\">\n\t\t\t\t\t\t\t\t\t<p><strong>Saunavasta: Traditionelle Birkenzweigbehandlung und feuchtigkeitsspendendes Peeling in der Sauna. (30 Minuten) 29.000 HUF \u2013 der Preis beinhaltet den Wellness-Eintritt.<\/strong><br \/>Privates Programm f\u00fcr maximal zwei Personen, Anmeldung nach Vereinbarung.<\/p><p><strong>Dampfsauna-Erlebnisprogramm (15 Minuten) 9.000 HUF\/Person \u2013 der Preis beinhaltet nicht den Wellness-Eintritt.<\/strong><br \/>D\u00fcfte, Hautpeeling und feuchtigkeitsspendendes Peeling im Dampfbad. F\u00fcr maximal 8 Personen, Anmeldung nach Vereinbarung.<\/p><p>Die Teilnahme am Programm ist mit dem Kauf einer Wellnesskarte m\u00f6glich.<\/p>\t\t\t\t\t\t\t\t<\/div>\n\t\t\t\t<\/div>\n\t\t\t\t<\/div>\n\t\t\t\t\t<\/div>\n\t\t\t\t<\/div>\n\t\t<div class=\"elementor-element elementor-element-c102df4 e-flex e-con-boxed e-con e-parent\" data-id=\"c102df4\" data-element_type=\"container\" data-e-type=\"container\">\n\t\t\t\t\t<div class=\"e-con-inner\">\n\t\t\t\t<div class=\"elementor-element elementor-element-6b7bce5 elementor-align-center elementor-widget elementor-widget-button\" data-id=\"6b7bce5\" data-element_type=\"widget\" data-e-type=\"widget\" data-widget_type=\"button.default\">\n\t\t\t\t<div class=\"elementor-widget-container\">\n\t\t\t\t\t\t\t\t\t<div class=\"elementor-button-wrapper\">\n\t\t\t\t\t<a class=\"elementor-button elementor-button-link elementor-size-sm\" href=\"https:\/\/goldenlake.hu\/de\/online-buchen\/\">\n\t\t\t\t\t\t<span class=\"elementor-button-content-wrapper\">\n\t\t\t\t\t\t\t\t\t<span class=\"elementor-button-text\">JETZT BUCHEN<\/span>\n\t\t\t\t\t<\/span>\n\t\t\t\t\t<\/a>\n\t\t\t\t<\/div>\n\t\t\t\t\t\t\t\t<\/div>\n\t\t\t\t<\/div>\n\t\t\t\t\t<\/div>\n\t\t\t\t<\/div>\n\t\t\t\t<\/div>\n\t\t","protected":false},"excerpt":{"rendered":"<p>Hotel Golden Lake Resort Unser Venus Wellnessbereich ist nicht nur f\u00fcr die Entspannung unserer Hotelg\u00e4ste gedacht, auch externe G\u00e4ste k\u00f6nnen ein Vier-Sterne-Wellnesserlebnis genie\u00dfen. Das externe Wellness-Ticket umfasst folgende Leistungen: Au\u00dfen- und Innenpools Finnische Sauna Dampfbad Salzkammer Panorama-Whirlpool Kneipp-Laufband Mediterrane Entspannung Fitnessraum \u00d6ffnungszeiten: Montag bis Sonntag: 7:30 bis 20:30 Uhr * *Das Angebot gilt vorbehaltlich der [&hellip;]<\/p>\n","protected":false},"author":1,"featured_media":0,"parent":0,"menu_order":0,"comment_status":"closed","ping_status":"closed","template":"","meta":{"footnotes":""},"class_list":["post-4935","page","type-page","status-publish","hentry"],"_links":{"self":[{"href":"https:\/\/goldenlake.hu\/de\/wp-json\/wp\/v2\/pages\/4935","targetHints":{"allow":["GET"]}}],"collection":[{"href":"https:\/\/goldenlake.hu\/de\/wp-json\/wp\/v2\/pages"}],"about":[{"href":"https:\/\/goldenlake.hu\/de\/wp-json\/wp\/v2\/types\/page"}],"author":[{"embeddable":true,"href":"https:\/\/goldenlake.hu\/de\/wp-json\/wp\/v2\/users\/1"}],"replies":[{"embeddable":true,"href":"https:\/\/goldenlake.hu\/de\/wp-json\/wp\/v2\/comments?post=4935"}],"version-history":[{"count":35,"href":"https:\/\/goldenlake.hu\/de\/wp-json\/wp\/v2\/pages\/4935\/revisions"}],"predecessor-version":[{"id":12020,"href":"https:\/\/goldenlake.hu\/de\/wp-json\/wp\/v2\/pages\/4935\/revisions\/12020"}],"wp:attachment":[{"href":"https:\/\/goldenlake.hu\/de\/wp-json\/wp\/v2\/media?parent=4935"}],"curies":[{"name":"wp","href":"https:\/\/api.w.org\/{rel}","templated":true}]}}